{"id":2,"date":"2021-08-12T16:46:15","date_gmt":"2021-08-12T19:46:15","guid":{"rendered":"https:\/\/fielcontabil.com.br\/blog\/?page_id=2"},"modified":"2023-05-03T08:01:36","modified_gmt":"2023-05-03T11:01:36","slug":"pagina-exemplo","status":"publish","type":"page","link":"https:\/\/fielcontabil.com.br\/blog\/?page_id=2","title":{"rendered":"Quem Somos"},"content":{"rendered":"\n<p>Fundada em 20\/08\/1966 pelo Sr. Jos\u00e9 Troyano, um dos pioneiros na area cont\u00e1bil da nossa cidade, a&nbsp;<strong>FIEL EMPRESA CONT\u00c1BIL LTDA<\/strong>&nbsp;conquistou o respeito de seus clientes, fornecedores, colaboradores e co-irm\u00e3os. Em 1986, passou a administra\u00e7\u00e3o para o seu filho, Cl\u00e1udio Troiano, bacharel em ci\u00eancias cont\u00e1beis, dando continuidade aos bons servi\u00e7os, com muito profissionalismo e compet\u00eancia. Desde 2006, o escrit\u00f3rio j\u00e1 esta em sua terceira gera\u00e7\u00e3o de gestores, Raphael, Carla e Thiago Troiano.<\/p>\n\n\n\n<p>Dirigida por profissionais experientes e de alto gabarito, nossa empresa conta, atualmente, com uma carteira de clientes pessoas jur\u00eddicas composta por ind\u00fastrias, metal\u00fargicas, com\u00e9rcios de pequeno, m\u00e9dio e grande porte, condom\u00ednios, prestadores de servi\u00e7os e aut\u00f4nomos.<\/p>\n\n\n\n<p>Nosso largo conhecimento permite-nos dizer que os profissionais que aqui se encontram proporcionam orienta\u00e7\u00f5es precisas e claras. Assim, a&nbsp;<strong>FIEL EMPRESA CONT\u00c1BIL LTDA<\/strong>&nbsp;vai al\u00e9m da presta\u00e7\u00e3o de servi\u00e7os cont\u00e1beis, assumindo um perfil de consultoria e assessoria empresarial.<\/p>\n\n\n\n<p>Localizado no centro de Guarulhos, em privilegiado endere\u00e7o, possu\u00edmos sede pr\u00f3pria de quatrocentos metros quadrados.<\/p>\n\n\n\n<p>O respeito e a aten\u00e7\u00e3o com os nossos colaboradores s\u00e3o um referencial de nossa empresa. Investimos em parcerias e conv\u00eanios com farm\u00e1cias, hospitais e maternidades, al\u00e9m de buscar a atualiza\u00e7\u00e3o e a reciclagem profissional constantes de nossos funcion\u00e1rios, atrav\u00e9s de palestras e cursos.<\/p>\n\n\n\n<p>Contamos com sistema eletronico de envio e recebimento de documentos e arquivos, como tambem encarregados para servi\u00e7os externos, agilizando e aumentando o sigilo de toda a papelada<\/p>\n\n\n\n<p>Na parte de inform\u00e1tica contamos com modernos equipamentos. Estamos dotados de servidores em nuvem da mais alta confiabilidade, mais de 40 esta\u00e7\u00f5es de trabalho de \u00faltima gera\u00e7\u00e3o, com comunicacao via link dedicado de 200 MB de excelente desempenho, com Windows e Google Workspace, rede com comunica\u00e7\u00e3o em Gigabyte, Internet Wireless, dispon\u00edvel \u00e0 clientes e visitantes,&nbsp;ou seja suas informa\u00e7\u00f5es sempre seguras.<\/p>\n\n\n\n<p>Colocamo-nos desde j\u00e1 \u00e0 disposi\u00e7\u00e3o dos senhores para que venham conhecer as nossas instala\u00e7\u00f5es. A&nbsp;<strong>FIEL EMPRESA CONT\u00c1BIL LTDA<\/strong>&nbsp;\u00e9 uma empresa de amigos, e nos sentiremos honrados em receb\u00ea-los.\u200b<\/p>\n","protected":false},"excerpt":{"rendered":"<p>Fundada em 20\/08\/1966 pelo Sr. Jos\u00e9 Troyano, um dos pioneiros na area cont\u00e1bil da nossa cidade, a&nbsp;FIEL EMPRESA CONT\u00c1BIL LTDA&nbsp;conquistou o respeito de seus clientes, fornecedores, colaboradores e co-irm\u00e3os. Em 1986, passou a administra\u00e7\u00e3o para o seu filho, Cl\u00e1udio Troiano, &hellip; <a href=\"https:\/\/fielcontabil.com.br\/blog\/?page_id=2\">Continue lendo <span class=\"meta-nav\">&rarr;<\/span><\/a><\/p>\n","protected":false},"author":1,"featured_media":0,"parent":0,"menu_order":0,"comment_status":"closed","ping_status":"open","template":"","meta":{"footnotes":""},"class_list":["post-2","page","type-page","status-publish","hentry"],"_links":{"self":[{"href":"https:\/\/fielcontabil.com.br\/blog\/index.php?rest_route=\/wp\/v2\/pages\/2","targetHints":{"allow":["GET"]}}],"collection":[{"href":"https:\/\/fielcontabil.com.br\/blog\/index.php?rest_route=\/wp\/v2\/pages"}],"about":[{"href":"https:\/\/fielcontabil.com.br\/blog\/index.php?rest_route=\/wp\/v2\/types\/page"}],"author":[{"embeddable":true,"href":"https:\/\/fielcontabil.com.br\/blog\/index.php?rest_route=\/wp\/v2\/users\/1"}],"replies":[{"embeddable":true,"href":"https:\/\/fielcontabil.com.br\/blog\/index.php?rest_route=%2Fwp%2Fv2%2Fcomments&post=2"}],"version-history":[{"count":4,"href":"https:\/\/fielcontabil.com.br\/blog\/index.php?rest_route=\/wp\/v2\/pages\/2\/revisions"}],"predecessor-version":[{"id":218,"href":"https:\/\/fielcontabil.com.br\/blog\/index.php?rest_route=\/wp\/v2\/pages\/2\/revisions\/218"}],"wp:attachment":[{"href":"https:\/\/fielcontabil.com.br\/blog\/index.php?rest_route=%2Fwp%2Fv2%2Fmedia&parent=2"}],"curies":[{"name":"wp","href":"https:\/\/api.w.org\/{rel}","templated":true}]}}